{"id":146,"date":"2018-06-04T16:05:39","date_gmt":"2018-06-04T16:05:39","guid":{"rendered":"http:\/\/multipurpose.loc\/hotel\/?page_id=146"},"modified":"2021-08-10T12:42:18","modified_gmt":"2021-08-10T12:42:18","slug":"o-nama","status":"publish","type":"page","link":"https:\/\/www.jetsetpale.com\/en\/o-nama\/","title":{"rendered":"O nama"},"content":{"rendered":"<div class=\"container vc_container\" ><div class=\"vc_row wpb_row vc_row-fluid\"><div class=\"wpb_column vc_column_container vc_col-sm-12\">\n    <div class=\"vc_column-inner\">\n        <div class=\"wpb_wrapper\">\n            <div class=\"stm_spacer\">\n    <div class=\"visible-lg\" style=\"height: 40px;\"><\/div>\n    <div class=\"visible-md\" style=\"height: 40px;\"><\/div>\n    <div class=\"visible-sm\" style=\"height: 30px;\"><\/div>\n    <div class=\"visible-xs\" style=\"height: 20px;\"><\/div>\n<\/div>        <\/div>\n    <\/div>\n<\/div><\/div><\/div><div class=\"container vc_container\" ><div class=\"vc_row wpb_row vc_row-fluid vc_row-o-equal-height vc_row-o-content-middle vc_row-flex\"><div class=\"wpb_column vc_column_container vc_col-sm-4\">\n    <div class=\"vc_column-inner\">\n        <div class=\"wpb_wrapper\">\n            <h2 style=\"font-size: 40px;line-height: 47px;text-align: center\" class=\"vc_custom_heading   text-center\">Elegantan i topao<br \/>\nambijent je temelj<br \/>\nna\u0161eg uspjeha<\/h2>        <\/div>\n    <\/div>\n<\/div><div class=\"wpb_column vc_column_container vc_col-sm-8\">\n    <div class=\"vc_column-inner\">\n        <div class=\"wpb_wrapper\">\n            \n\t<div class=\"wpb_text_column wpb_content_element\" >\n\t\t<div class=\"wpb_wrapper\">\n\t\t\t<p>Na samo 15 kilometara od Sarajeva,12 kilometara od Jahorine i 2 kilometra od ski centra Ravna planina nalazi se hotel JET SET. Od centra Pala udaljeni smo 400 metara. Hotel je otvoren 2008 godine , a renoviran i\u00a0 pro\u0161iren 2015.<\/p>\n<p>Hotel je kategorisan sa <strong>4 (\u010detiri) zvjezdice<\/strong>, a rje\u0161enje je izdalo Ministarstvo trgovine i turizma 27.06.2017 godine.<\/p>\n\n\t\t<\/div>\n\t<\/div>\n        <\/div>\n    <\/div>\n<\/div><\/div><\/div><div class=\"container vc_container\" ><div class=\"vc_row wpb_row vc_row-fluid\"><div class=\"wpb_column vc_column_container vc_col-sm-12\">\n    <div class=\"vc_column-inner\">\n        <div class=\"wpb_wrapper\">\n            <div class=\"stm_spacer\">\n    <div class=\"visible-lg\" style=\"height: 80px;\"><\/div>\n    <div class=\"visible-md\" style=\"height: 80px;\"><\/div>\n    <div class=\"visible-sm\" style=\"height: 50px;\"><\/div>\n    <div class=\"visible-xs\" style=\"height: 30px;\"><\/div>\n<\/div>        <\/div>\n    <\/div>\n<\/div><\/div><\/div><div class=\"container vc_container\" ><div class=\"vc_row wpb_row vc_row-fluid\"><div class=\"wpb_column vc_column_container vc_col-sm-4\">\n    <div class=\"vc_column-inner\">\n        <div class=\"wpb_wrapper\">\n            \n\t<div  class=\"wpb_single_image wpb_content_element vc_align_center\">\n\t\t\n\t\t<figure class=\"wpb_wrapper vc_figure\">\n\t\t\t<a data-rel=\"prettyPhoto[rel-146-2463144537]\" href=\"https:\/\/www.jetsetpale.com\/wp-content\/uploads\/2021\/02\/Restoran.jpg\" target=\"_self\" class=\"vc_single_image-wrapper   vc_box_border_grey prettyphoto\"><img class=\"vc_single_image-img\" src=\"https:\/\/www.jetsetpale.com\/wp-content\/uploads\/2021\/02\/Restoran-370x450.jpg\" width=\"370\" height=\"450\" alt=\"Restoran\" title=\"Restoran\" \/><\/a>\n\t\t<\/figure>\n\t<\/div>\n<div class=\"stm_spacer\">\n    <div class=\"visible-lg\" style=\"height: 30px;\"><\/div>\n    <div class=\"visible-md\" style=\"height: 30px;\"><\/div>\n    <div class=\"visible-sm\" style=\"height: 20px;\"><\/div>\n    <div class=\"visible-xs\" style=\"height: 10px;\"><\/div>\n<\/div>        <\/div>\n    <\/div>\n<\/div><div class=\"wpb_column vc_column_container vc_col-sm-4\">\n    <div class=\"vc_column-inner\">\n        <div class=\"wpb_wrapper\">\n            \n\t<div  class=\"wpb_single_image wpb_content_element vc_align_center\">\n\t\t\n\t\t<figure class=\"wpb_wrapper vc_figure\">\n\t\t\t<a data-rel=\"prettyPhoto[rel-146-3371933744]\" href=\"https:\/\/www.jetsetpale.com\/wp-content\/uploads\/2018\/07\/03-3-1024x682.jpg\" target=\"_self\" class=\"vc_single_image-wrapper   vc_box_border_grey prettyphoto\"><img srcset=\"https:\/\/www.jetsetpale.com\/wp-content\/uploads\/2018\/07\/03-3-740x900.jpg 2x\" class=\"vc_single_image-img\" src=\"https:\/\/www.jetsetpale.com\/wp-content\/uploads\/2018\/07\/03-3-370x450.jpg\" width=\"370\" height=\"450\" alt=\"03\" title=\"03\" \/><\/a>\n\t\t<\/figure>\n\t<\/div>\n<div class=\"stm_spacer\">\n    <div class=\"visible-lg\" style=\"height: 30px;\"><\/div>\n    <div class=\"visible-md\" style=\"height: 30px;\"><\/div>\n    <div class=\"visible-sm\" style=\"height: 20px;\"><\/div>\n    <div class=\"visible-xs\" style=\"height: 10px;\"><\/div>\n<\/div>        <\/div>\n    <\/div>\n<\/div><div class=\"wpb_column vc_column_container vc_col-sm-4\">\n    <div class=\"vc_column-inner\">\n        <div class=\"wpb_wrapper\">\n            \n\t<div  class=\"wpb_single_image wpb_content_element vc_align_center\">\n\t\t\n\t\t<figure class=\"wpb_wrapper vc_figure\">\n\t\t\t<a data-rel=\"prettyPhoto[rel-146-2147268510]\" href=\"https:\/\/www.jetsetpale.com\/wp-content\/uploads\/2021\/02\/02-4-1024x682.jpg\" target=\"_self\" class=\"vc_single_image-wrapper   vc_box_border_grey prettyphoto\"><img srcset=\"https:\/\/www.jetsetpale.com\/wp-content\/uploads\/2021\/02\/02-4-740x900.jpg 2x\" class=\"vc_single_image-img\" src=\"https:\/\/www.jetsetpale.com\/wp-content\/uploads\/2021\/02\/02-4-370x450.jpg\" width=\"370\" height=\"450\" alt=\"02\" title=\"02\" \/><\/a>\n\t\t<\/figure>\n\t<\/div>\n<div class=\"stm_spacer\">\n    <div class=\"visible-lg\" style=\"height: 30px;\"><\/div>\n    <div class=\"visible-md\" style=\"height: 30px;\"><\/div>\n    <div class=\"visible-sm\" style=\"height: 20px;\"><\/div>\n    <div class=\"visible-xs\" style=\"height: 10px;\"><\/div>\n<\/div>        <\/div>\n    <\/div>\n<\/div><\/div><\/div><div class=\"container vc_container\" ><div class=\"vc_row wpb_row vc_row-fluid\"><div class=\"wpb_column vc_column_container vc_col-sm-12\">\n    <div class=\"vc_column-inner\">\n        <div class=\"wpb_wrapper\">\n            <div class=\"stm_spacer\">\n    <div class=\"visible-lg\" style=\"height: 20px;\"><\/div>\n    <div class=\"visible-md\" style=\"height: 20px;\"><\/div>\n    <div class=\"visible-sm\" style=\"height: 20px;\"><\/div>\n    <div class=\"visible-xs\" style=\"height: 10px;\"><\/div>\n<\/div>        <\/div>\n    <\/div>\n<\/div><\/div><\/div><div class=\"container vc_container\" ><div class=\"vc_row wpb_row vc_row-fluid\"><div class=\"wpb_column vc_column_container vc_col-sm-8\">\n    <div class=\"vc_column-inner\">\n        <div class=\"wpb_wrapper\">\n            <div class=\"vc_tta-container\" data-vc-action=\"collapse\"><div class=\"vc_general vc_tta vc_tta-accordion vc_tta-color-grey vc_tta-style-classic vc_tta-shape-rounded vc_tta-o-shape-group vc_tta-controls-align-left\"><div class=\"vc_tta-panels-container\"><div class=\"vc_tta-panels\"><div class=\"vc_tta-panel vc_active\" id=\"1538129643112-19237441-374a\" data-vc-content=\".vc_tta-panel-body\"><div class=\"vc_tta-panel-heading\"><h4 class=\"vc_tta-panel-title vc_tta-controls-icon-position-right\"><a href=\"#1538129643112-19237441-374a\" data-vc-accordion data-vc-container=\".vc_tta-container\"><span class=\"vc_tta-title-text\">Vi\u0161e o nama<\/span><i class=\"vc_tta-controls-icon vc_tta-controls-icon-chevron\"><\/i><\/a><\/h4><\/div><div class=\"vc_tta-panel-body\">\n\t<div class=\"wpb_text_column wpb_content_element\" >\n\t\t<div class=\"wpb_wrapper\">\n\t\t\t<p>Pogled na neke po\u017eutele kalendare govori da je ve\u0107 mnogo vremena pro\u0161lo otkako je sa radom po\u010deo, tada jo\u0161 uvijek samo restoran, &#8222;Jet Set&#8220; u Palama. Vrlo brzo, restoran &#8222;Jet Set&#8220; se izdvojio savr\u0161enim i ugodnim ambijentom pogodnim za razne prilike od romanti\u010dnih trenutaka do poslovnih sastanaka. Godinama smo mijenjali izgled, ali ne i cilj, a to je, prevazi\u0107i o\u010dekivanja gostiju uz nezaboravan gurmanski u\u017eitak. Predanost izuzetnoj usluzi u elegantnom i toplom ambijentu je temelj na\u0161eg uspjeha i tradicije, gdje se posebna pa\u017enja poklanja detaljima, predvi\u0111anju potreba na\u0161ih gostiju, te kreiranju inovativnih rje\u0161enja. Uz Va\u0161u pomo\u0107 i prije svega veliko povjerenje, za kratko vrijeme smo pre\u0161li dug put: od restorana &#8222;Jet Set&#8220; sa 80 mjesta, stigli smo do Hotela &#8222;Jet Set&#8220; sa kvalitetnim smje\u0161tajnim kapacitetima. I kao \u0161to rekosmo, pre\u0161li smo dug put, ali, putovanje se nastavlja. Naravno, u Va\u0161em dru\u0161tvu&#8230;<\/p>\n\n\t\t<\/div>\n\t<\/div>\n<\/div><\/div><div class=\"vc_tta-panel\" id=\"1538132636712-264a5877-6fed\" data-vc-content=\".vc_tta-panel-body\"><div class=\"vc_tta-panel-heading\"><h4 class=\"vc_tta-panel-title vc_tta-controls-icon-position-right\"><a href=\"#1538132636712-264a5877-6fed\" data-vc-accordion data-vc-container=\".vc_tta-container\"><span class=\"vc_tta-title-text\">Sobe i aprtmani<\/span><i class=\"vc_tta-controls-icon vc_tta-controls-icon-chevron\"><\/i><\/a><\/h4><\/div><div class=\"vc_tta-panel-body\">\n\t<div class=\"wpb_text_column wpb_content_element\" >\n\t\t<div class=\"wpb_wrapper\">\n\t\t\t<p>Hotel JET SET raspola\u017ee sa 14 soba i 3 apartmana,gdje se nalaze 44 le\u017eaja. Sve sobe i apartmani su moderno dizajnirani i opremljeni po savremenim hotelskim standardima kako bi boravak gostima bio veoma prijatan. U svim sobama se nalaze LED televizori, kablovska televizija sa 140 tv kanala, be\u0161umni mini-barovi, radni stolovi i dio za sjedenje. Cijeli hotel je pokriven brzim i besplatnim \u00a0wireless internet signalom. Sve sobe su klimatizovane,posteljina i du\u0161eci su antialergijski i antibakterijski, podovi su pokriveni belgijskim itisonima od zida do zida, koji su kupljeni od renomiranih proizvo\u0111a\u010da.<\/p>\n<p>Kupatila,veli\u010dine 4 -5 m2, su opremljena\u00a0 tu\u0161 kabinama sa sigurnosnim staklom, fenovima, pe\u0161kirima ,\u0161amponima, i keramikom najpoznatije italijanske firme FLORIM. U sobama koje su veli\u010dine 20 &#8211; 27 m2 se nalazi dizajnerski namje\u0161taj i dekori renomiranih svjetskih proizvo\u0111a\u010da.Sva oprema i ugra\u0111eni materijali posjeduju sve potrebne ateste.<\/p>\n\n\t\t<\/div>\n\t<\/div>\n<\/div><\/div><div class=\"vc_tta-panel\" id=\"1538132636518-c530006e-2eda\" data-vc-content=\".vc_tta-panel-body\"><div class=\"vc_tta-panel-heading\"><h4 class=\"vc_tta-panel-title vc_tta-controls-icon-position-right\"><a href=\"#1538132636518-c530006e-2eda\" data-vc-accordion data-vc-container=\".vc_tta-container\"><span class=\"vc_tta-title-text\">Restoran<\/span><i class=\"vc_tta-controls-icon vc_tta-controls-icon-chevron\"><\/i><\/a><\/h4><\/div><div class=\"vc_tta-panel-body\">\n\t<div class=\"wpb_text_column wpb_content_element\" >\n\t\t<div class=\"wpb_wrapper\">\n\t\t\t<p>Hotel u svom sastavu ima luksuzno opremljeni restoran sa 80 mjesta, u kojem poslu\u017eujemo doru\u010dak, ru\u010dak i ve\u010deru, kao i aperitiv bar.<\/p>\n<p>Organizujemo seminare, prezentacije i predavanja u tehni\u010dki opremljenoj sali sa kapacitetom do 30 osoba.<\/p>\n<p>Tako\u0111e, idealno smo mjesto za smje\u0161taj skija\u0161a i sportskih ekipa.<\/p>\n<p>Parking sa 30 parking mjesta je obezbije\u0111en i besplatan za goste hotela. Tako\u0111e ,posjedujemo i 2 gara\u017ee.<\/p>\n\n\t\t<\/div>\n\t<\/div>\n<\/div><\/div><div class=\"vc_tta-panel\" id=\"1538132622962-d4599275-36ec\" data-vc-content=\".vc_tta-panel-body\"><div class=\"vc_tta-panel-heading\"><h4 class=\"vc_tta-panel-title vc_tta-controls-icon-position-right\"><a href=\"#1538132622962-d4599275-36ec\" data-vc-accordion data-vc-container=\".vc_tta-container\"><span class=\"vc_tta-title-text\">Udru\u017eenje hotelijera<\/span><i class=\"vc_tta-controls-icon vc_tta-controls-icon-chevron\"><\/i><\/a><\/h4><\/div><div class=\"vc_tta-panel-body\">\n\t<div class=\"wpb_text_column wpb_content_element\" >\n\t\t<div class=\"wpb_wrapper\">\n\t\t\t<p>Hotel JET SET je 2011 godine od strane Udru\u017eenja hotelijera i restoratera BIH progla\u0161en najboljim hotelom\u00a0 u Bosni i Hercegovini u svojoj kategoriji dobijanjem ZLATNE UGOSTITELJSKE KRUNE. Op\u0161tina Pale je hotelu JET SET dodijelila plaketu za izuzetan doprinos unaprije\u0111enju turizma u op\u0161tini Pale. Dobitnici smo najve\u0107eg priznanja Turisti\u010dke organizacije Isto\u010dno Sarajevo SREBRNA PAHULJICA 2012\/2013 godine.<\/p>\n\n\t\t<\/div>\n\t<\/div>\n<\/div><\/div><div class=\"vc_tta-panel\" id=\"1613603412453-b00c2c2a-ff7a\" data-vc-content=\".vc_tta-panel-body\"><div class=\"vc_tta-panel-heading\"><h4 class=\"vc_tta-panel-title vc_tta-controls-icon-position-right\"><a href=\"#1613603412453-b00c2c2a-ff7a\" data-vc-accordion data-vc-container=\".vc_tta-container\"><span class=\"vc_tta-title-text\">Booking.com<\/span><i class=\"vc_tta-controls-icon vc_tta-controls-icon-chevron\"><\/i><\/a><\/h4><\/div><div class=\"vc_tta-panel-body\">\n\t<div class=\"wpb_text_column wpb_content_element\" >\n\t\t<div class=\"wpb_wrapper\">\n\t\t\t<p>Od najve\u0107eg svjetskog rezervacionog sistema <strong>BOOKING.COM<\/strong> smo dobili nagradu za izvrsnost recenzija za <strong>2017, 2018<\/strong> i <strong>2019 <\/strong>godinu sa prosje\u010dnom ocjenom <strong>9,7<\/strong><\/p>\n<p>Na\u0161 cilj je prevazi\u0107i o\u010dekivanja gostiju pru\u017eanjem savr\u0161enog do\u017eivljaja.Predanost izuzetnoj znala\u010dkoj usluzi u elegantnom i toplom ambijentu je temelj na\u0161eg uspjeha i tradicije,gdje se posebna pa\u017enja posve\u0107uje detaljima,predvi\u0111anju potreba na\u0161ih gostiju te kreiranju inovativnih rje\u0161enja.<\/p>\n\n\t\t<\/div>\n\t<\/div>\n<\/div><\/div><\/div><\/div><\/div><\/div>        <\/div>\n    <\/div>\n<\/div><div class=\"wpb_column vc_column_container vc_col-sm-4\">\n    <div class=\"vc_column-inner\">\n        <div class=\"wpb_wrapper\">\n            <div class=\"vc_row wpb_row vc_inner vc_row-fluid vc_custom_1628599336995 vc_row-has-fill\"><div class=\"wpb_column vc_column_container vc_col-sm-12 hotel_column_inner_b62120c7e0e2af104948acd814cb5445\"><div class=\"vc_column-inner\"><div class=\"wpb_wrapper\"><div class=\"stm_spacer\">\n    <div class=\"visible-lg\" style=\"height: 84px;\"><\/div>\n    <div class=\"visible-md\" style=\"height: 84px;\"><\/div>\n    <div class=\"visible-sm\" style=\"height: 60px;\"><\/div>\n    <div class=\"visible-xs\" style=\"height: 40px;\"><\/div>\n<\/div>\n\n    <div class=\"stm_icon   text-center stm_icon_69fb1048b7333\">\n        <i style=\"font-size: 80px;color: #ffffff\"\n           class=\"stmicon-hotel-concierge custom\"><\/i>\n    <\/div>\n\n<div class=\"stm_spacer\">\n    <div class=\"visible-lg\" style=\"height: 20px;\"><\/div>\n    <div class=\"visible-md\" style=\"height: 20px;\"><\/div>\n    <div class=\"visible-sm\" style=\"height: 20px;\"><\/div>\n    <div class=\"visible-xs\" style=\"height: 10px;\"><\/div>\n<\/div><h3 style=\"color: #ffffff;text-align: center\" class=\"vc_custom_heading   text-center\">No\u0107enje sa doru\u010dkom<\/h3><div class=\"stm_spacer\">\n    <div class=\"visible-lg\" style=\"height: 10px;\"><\/div>\n    <div class=\"visible-md\" style=\"height: 10px;\"><\/div>\n    <div class=\"visible-sm\" style=\"height: 10px;\"><\/div>\n    <div class=\"visible-xs\" style=\"height: 10px;\"><\/div>\n<\/div>\n\t<div class=\"wpb_text_column wpb_content_element  vc_custom_1613603204478\" >\n\t\t<div class=\"wpb_wrapper\">\n\t\t\t<p style=\"text-align: center;\"><span style=\"color: #ffffff;\">Cijene su formirane na bazi no\u0107enja sa doru\u010dkom! Boravi\u0161na taksa i osiguranje iznose 2,50KM po osobi (1,30\u20ac). Prijatan boravak u hotelu &#8222;Jet Set&#8220;!<\/span><\/p>\n\n\t\t<\/div>\n\t<\/div>\n<div class=\"stm_spacer\">\n    <div class=\"visible-lg\" style=\"height: 70px;\"><\/div>\n    <div class=\"visible-md\" style=\"height: 70px;\"><\/div>\n    <div class=\"visible-sm\" style=\"height: 60px;\"><\/div>\n    <div class=\"visible-xs\" style=\"height: 40px;\"><\/div>\n<\/div><\/div><\/div><\/div><\/div>        <\/div>\n    <\/div>\n<\/div><\/div><\/div><div class=\"container vc_container\" ><div class=\"vc_row wpb_row vc_row-fluid\"><div class=\"wpb_column vc_column_container vc_col-sm-12\">\n    <div class=\"vc_column-inner\">\n        <div class=\"wpb_wrapper\">\n            <div class=\"stm_spacer\">\n    <div class=\"visible-lg\" style=\"height: 70px;\"><\/div>\n    <div class=\"visible-md\" style=\"height: 70px;\"><\/div>\n    <div class=\"visible-sm\" style=\"height: 50px;\"><\/div>\n    <div class=\"visible-xs\" style=\"height: 30px;\"><\/div>\n<\/div>        <\/div>\n    <\/div>\n<\/div><\/div><\/div>","protected":false},"excerpt":{"rendered":"Elegantan i topao ambijent je temelj na\u0161eg uspjeha Na samo 15 kilometara od Sarajeva,12 kilometara od Jahorine i 2 kilometra od ski centra Ravna planina nalazi se hotel JET SET. Od centra Pala udaljeni smo 400 metara. Hotel je otvoren 2008 godine , a renoviran i\u00a0 pro\u0161iren 2015. Hotel je kategorisan sa 4 (\u010detiri) zvjezdice, [...]","protected":false},"author":1,"featured_media":0,"parent":0,"menu_order":0,"comment_status":"closed","ping_status":"closed","template":"","meta":[],"_links":{"self":[{"href":"https:\/\/www.jetsetpale.com\/en\/wp-json\/wp\/v2\/pages\/146"}],"collection":[{"href":"https:\/\/www.jetsetpale.com\/en\/wp-json\/wp\/v2\/pages"}],"about":[{"href":"https:\/\/www.jetsetpale.com\/en\/wp-json\/wp\/v2\/types\/page"}],"author":[{"embeddable":true,"href":"https:\/\/www.jetsetpale.com\/en\/wp-json\/wp\/v2\/users\/1"}],"replies":[{"embeddable":true,"href":"https:\/\/www.jetsetpale.com\/en\/wp-json\/wp\/v2\/comments?post=146"}],"version-history":[{"count":13,"href":"https:\/\/www.jetsetpale.com\/en\/wp-json\/wp\/v2\/pages\/146\/revisions"}],"predecessor-version":[{"id":3080,"href":"https:\/\/www.jetsetpale.com\/en\/wp-json\/wp\/v2\/pages\/146\/revisions\/3080"}],"wp:attachment":[{"href":"https:\/\/www.jetsetpale.com\/en\/wp-json\/wp\/v2\/media?parent=146"}],"curies":[{"name":"wp","href":"https:\/\/api.w.org\/{rel}","templated":true}]}}